{"id":30,"date":"2022-02-05T15:16:40","date_gmt":"2022-02-05T15:16:40","guid":{"rendered":"http:\/\/ln7.58e.mytemp.website\/?page_id=30"},"modified":"2022-03-22T23:11:30","modified_gmt":"2022-03-22T23:11:30","slug":"empresa","status":"publish","type":"page","link":"https:\/\/usaquim.com\/es\/empresa\/","title":{"rendered":"Empresa"},"content":{"rendered":"\t\t<div data-elementor-type=\"wp-page\" data-elementor-id=\"30\" class=\"elementor elementor-30\">\n\t\t\t\t\t\t<section class=\"elementor-section elementor-top-section elementor-element elementor-element-06c810f elementor-section-boxed elementor-section-height-default elementor-section-height-default\" data-id=\"06c810f\" data-element_type=\"section\" data-e-type=\"section\" data-settings=\"{&quot;background_background&quot;:&quot;classic&quot;}\">\n\t\t\t\t\t\t\t<div class=\"elementor-background-overlay\"><\/div>\n\t\t\t\t\t\t\t<div class=\"elementor-container elementor-column-gap-default\">\n\t\t\t\t\t<div class=\"elementor-column elementor-col-100 elementor-top-column elementor-element elementor-element-908439b\" data-id=\"908439b\" data-element_type=\"column\" data-e-type=\"column\">\n\t\t\t<div class=\"elementor-widget-wrap elementor-element-populated\">\n\t\t\t\t\t\t<div class=\"elementor-element elementor-element-bf229c8 elementor-widget elementor-widget-spacer\" data-id=\"bf229c8\" data-element_type=\"widget\" data-e-type=\"widget\" data-widget_type=\"spacer.default\">\n\t\t\t\t<div class=\"elementor-widget-container\">\n\t\t\t\t\t\t\t<div class=\"elementor-spacer\">\n\t\t\t<div class=\"elementor-spacer-inner\"><\/div>\n\t\t<\/div>\n\t\t\t\t\t\t<\/div>\n\t\t\t\t<\/div>\n\t\t\t\t\t<\/div>\n\t\t<\/div>\n\t\t\t\t\t<\/div>\n\t\t<\/section>\n\t\t\t\t<section class=\"elementor-section elementor-top-section elementor-element elementor-element-4b932e51 elementor-section-content-middle elementor-section-boxed elementor-section-height-default elementor-section-height-default\" data-id=\"4b932e51\" data-element_type=\"section\" data-e-type=\"section\">\n\t\t\t\t\t\t<div class=\"elementor-container elementor-column-gap-no\">\n\t\t\t\t\t<div class=\"elementor-column elementor-col-100 elementor-top-column elementor-element elementor-element-6f02a15f\" data-id=\"6f02a15f\" data-element_type=\"column\" data-e-type=\"column\">\n\t\t\t<div class=\"elementor-widget-wrap elementor-element-populated\">\n\t\t\t\t\t\t<div class=\"elementor-element elementor-element-9ff24ce elementor-headline--style-rotate elementor-widget elementor-widget-animated-headline\" data-id=\"9ff24ce\" data-element_type=\"widget\" data-e-type=\"widget\" data-settings=\"{&quot;headline_style&quot;:&quot;rotate&quot;,&quot;animation_type&quot;:&quot;swirl&quot;,&quot;rotating_text&quot;:&quot;Qu\\u00edenes\\n\\u00bfC\\u00f3mo\\n\\u00bfD\\u00f3nde&quot;,&quot;loop&quot;:&quot;yes&quot;,&quot;rotate_iteration_delay&quot;:2500}\" data-widget_type=\"animated-headline.default\">\n\t\t\t\t<div class=\"elementor-widget-container\">\n\t\t\t\t\t\t\t<h3 class=\"elementor-headline elementor-headline-animation-type-swirl elementor-headline-letters\">\n\t\t\t\t<span class=\"elementor-headline-dynamic-wrapper elementor-headline-text-wrapper\">\n\t\t\t\t\t<span class=\"elementor-headline-dynamic-text elementor-headline-text-active\">\n\t\t\t\tQu\u00edenes\t\t\t<\/span>\n\t\t\t\t\t<span class=\"elementor-headline-dynamic-text\">\n\t\t\t\t\u00bfC\u00f3mo\t\t\t<\/span>\n\t\t\t\t\t<span class=\"elementor-headline-dynamic-text\">\n\t\t\t\t\u00bfD\u00f3nde\t\t\t<\/span>\n\t\t\t\t\t\t<\/span>\n\t\t\t\t\t<span class=\"elementor-headline-plain-text elementor-headline-text-wrapper\">lo hacemos<\/span>\n\t\t\t\t\t<\/h3>\n\t\t\t\t\t\t<\/div>\n\t\t\t\t<\/div>\n\t\t\t\t<section class=\"elementor-section elementor-inner-section elementor-element elementor-element-69bb9e1 elementor-section-boxed elementor-section-height-default elementor-section-height-default\" data-id=\"69bb9e1\" data-element_type=\"section\" data-e-type=\"section\">\n\t\t\t\t\t\t<div class=\"elementor-container elementor-column-gap-default\">\n\t\t\t\t\t<div class=\"elementor-column elementor-col-100 elementor-inner-column elementor-element elementor-element-6af1d81\" data-id=\"6af1d81\" data-element_type=\"column\" data-e-type=\"column\">\n\t\t\t<div class=\"elementor-widget-wrap elementor-element-populated\">\n\t\t\t\t\t\t<div class=\"elementor-element elementor-element-190b5b2 elementor-widget elementor-widget-text-editor\" data-id=\"190b5b2\" data-element_type=\"widget\" data-e-type=\"widget\" data-widget_type=\"text-editor.default\">\n\t\t\t\t<div class=\"elementor-widget-container\">\n\t\t\t\t\t\t\t\t\t<p>USAQUIM PRODUCTOS QUIMICOS INDUSTRIALES, es una compa\u00f1\u00eda con m\u00e1s de 30 a\u00f1os de experiencia en el suministro de productos y servicios para la limpieza industrial.<\/p><p>Con un equipo especializado de profesionales y productos qu\u00edmicos de alto desempe\u00f1o, USAQUIM garantiza proyectos exitosos a la medida de cada necesidad con la menor huella ambiental posible.<\/p>\t\t\t\t\t\t\t\t<\/div>\n\t\t\t\t<\/div>\n\t\t\t\t\t<\/div>\n\t\t<\/div>\n\t\t\t\t\t<\/div>\n\t\t<\/section>\n\t\t\t\t<section class=\"elementor-section elementor-inner-section elementor-element elementor-element-4d3b96fb elementor-section-boxed elementor-section-height-default elementor-section-height-default\" data-id=\"4d3b96fb\" data-element_type=\"section\" data-e-type=\"section\">\n\t\t\t\t\t\t<div class=\"elementor-container elementor-column-gap-default\">\n\t\t\t\t\t<div class=\"elementor-column elementor-col-50 elementor-inner-column elementor-element elementor-element-22296289\" data-id=\"22296289\" data-element_type=\"column\" data-e-type=\"column\">\n\t\t\t<div class=\"elementor-widget-wrap elementor-element-populated\">\n\t\t\t\t\t\t<div class=\"elementor-element elementor-element-766ff711 elementor-widget elementor-widget-text-editor\" data-id=\"766ff711\" data-element_type=\"widget\" data-e-type=\"widget\" data-widget_type=\"text-editor.default\">\n\t\t\t\t<div class=\"elementor-widget-container\">\n\t\t\t\t\t\t\t\t\t<p><b>Fundaci\u00f3n<\/b><\/p><p>El inicio de la empresa se remonta a 1987, a\u00f1o en el cual el Ingeniero Eulogio Castro Palacios junto a su esposa Isabel Pe\u00f1a de Castro fundaron la organizaci\u00f3n bajo la raz\u00f3n social Proquilima Ltda.<\/p><p><b>Incursi\u00f3n de la segunda generaci\u00f3n<\/b><\/p><p>Para el a\u00f1o 2002 la segunda generaci\u00f3n familiar incursiona activamente en la organizaci\u00f3n bajo la raz\u00f3n social USAQUIMICOS SAS. Este nombre se\u00a0 mantendr\u00eda hasta el a\u00f1o 2013 para luego adoptar el nombre USAQUIM PRODUCTOS QUIMICOS INDUSTRIALES que hoy conservamos.<\/p>\t\t\t\t\t\t\t\t<\/div>\n\t\t\t\t<\/div>\n\t\t\t\t<div class=\"elementor-element elementor-element-ab0afd1 elementor-widget elementor-widget-image\" data-id=\"ab0afd1\" data-element_type=\"widget\" data-e-type=\"widget\" data-widget_type=\"image.default\">\n\t\t\t\t<div class=\"elementor-widget-container\">\n\t\t\t\t\t\t\t\t\t\t\t\t\t\t\t<img fetchpriority=\"high\" decoding=\"async\" width=\"640\" height=\"426\" src=\"https:\/\/usaquim.com\/wp-content\/uploads\/2022\/02\/pexels-elevate-1267324.jpg\" class=\"attachment-medium_large size-medium_large wp-image-417\" alt=\"\" srcset=\"https:\/\/usaquim.com\/wp-content\/uploads\/2022\/02\/pexels-elevate-1267324.jpg 640w, https:\/\/usaquim.com\/wp-content\/uploads\/2022\/02\/pexels-elevate-1267324-600x399.jpg 600w, https:\/\/usaquim.com\/wp-content\/uploads\/2022\/02\/pexels-elevate-1267324-300x200.jpg 300w\" sizes=\"(max-width: 640px) 100vw, 640px\" \/>\t\t\t\t\t\t\t\t\t\t\t\t\t\t\t<\/div>\n\t\t\t\t<\/div>\n\t\t\t\t<div class=\"elementor-element elementor-element-c40b07f elementor-widget elementor-widget-heading\" data-id=\"c40b07f\" data-element_type=\"widget\" data-e-type=\"widget\" data-widget_type=\"heading.default\">\n\t\t\t\t<div class=\"elementor-widget-container\">\n\t\t\t\t\t<h2 class=\"elementor-heading-title elementor-size-default\">M\u00e1s de<\/h2>\t\t\t\t<\/div>\n\t\t\t\t<\/div>\n\t\t\t\t<div class=\"elementor-element elementor-element-3e46a2e elementor-widget elementor-widget-counter\" data-id=\"3e46a2e\" data-element_type=\"widget\" data-e-type=\"widget\" data-widget_type=\"counter.default\">\n\t\t\t\t<div class=\"elementor-widget-container\">\n\t\t\t\t\t\t\t<div class=\"elementor-counter\">\n\t\t\t<div class=\"elementor-counter-title\">a\u00f1os de experiencia<\/div>\t\t\t<div class=\"elementor-counter-number-wrapper\">\n\t\t\t\t<span class=\"elementor-counter-number-prefix\"><\/span>\n\t\t\t\t<span class=\"elementor-counter-number\" data-duration=\"2900\" data-to-value=\"30\" data-from-value=\"0\" data-delimiter=\",\">0<\/span>\n\t\t\t\t<span class=\"elementor-counter-number-suffix\"><\/span>\n\t\t\t<\/div>\n\t\t<\/div>\n\t\t\t\t\t\t<\/div>\n\t\t\t\t<\/div>\n\t\t\t\t\t<\/div>\n\t\t<\/div>\n\t\t\t\t<div class=\"elementor-column elementor-col-50 elementor-inner-column elementor-element elementor-element-2f21c768\" data-id=\"2f21c768\" data-element_type=\"column\" data-e-type=\"column\">\n\t\t\t<div class=\"elementor-widget-wrap elementor-element-populated\">\n\t\t\t\t\t\t<div class=\"elementor-element elementor-element-8734d63 elementor-widget elementor-widget-text-editor\" data-id=\"8734d63\" data-element_type=\"widget\" data-e-type=\"widget\" data-widget_type=\"text-editor.default\">\n\t\t\t\t<div class=\"elementor-widget-container\">\n\t\t\t\t\t\t\t\t\t<p>A trav\u00e9s de a\u00f1os de experiencia en diferentes proyectos y empresas, Usaquim ha dise\u00f1ado nuevas lineas de negocio ajustadas a las necesidades concretas de su portafolio de clientes, promoviendo un ambiente de mejora permanente, promesa de calidad y compromiso con el medio ambiente, demostrando as\u00ed su evoluci\u00f3n positiva hacia una nueva generaci\u00f3n cada vez m\u00e1s capacitada e innovadora.<\/p><p>La experiencia de Usaquim ha sido posible gracias a la confianza que diferentes empresas reconocidas en el mercado nacional han depositado en sus productos y servicios.\u00a0 Firmas como Acimet. Acero Estrucutural de Colombia \u201cAceral\u201d , Corpacero, Esmet, Emecon, B&amp;V Estructuras met\u00e1licas, Proquinal, C\u00e1lculos y montajes, Refisal-Brinsa, Tecmo estructuras Met\u00e1licas, Postobon. Coca Cola, Imbera Servicios, Indufrial S.A, Cold Line, Dulzuras Colombianas, Compensar, Embajada del Jap\u00f3n son s\u00f3lo algunas que han formado parte de la trayectoria de la empresa.\u00a0<\/p>\t\t\t\t\t\t\t\t<\/div>\n\t\t\t\t<\/div>\n\t\t\t\t<div class=\"elementor-element elementor-element-ec4bfa0 elementor-headline--style-highlight elementor-widget elementor-widget-animated-headline\" data-id=\"ec4bfa0\" data-element_type=\"widget\" data-e-type=\"widget\" data-settings=\"{&quot;marker&quot;:&quot;curly&quot;,&quot;highlighted_text&quot;:&quot;integrales&quot;,&quot;headline_style&quot;:&quot;highlight&quot;,&quot;loop&quot;:&quot;yes&quot;,&quot;highlight_animation_duration&quot;:1200,&quot;highlight_iteration_delay&quot;:8000}\" data-widget_type=\"animated-headline.default\">\n\t\t\t\t<div class=\"elementor-widget-container\">\n\t\t\t\t\t\t\t<h3 class=\"elementor-headline\">\n\t\t\t\t\t<span class=\"elementor-headline-plain-text elementor-headline-text-wrapper\">Estudiamos sus desaf\u00edos para generar soluciones<\/span>\n\t\t\t\t<span class=\"elementor-headline-dynamic-wrapper elementor-headline-text-wrapper\">\n\t\t\t\t\t<span class=\"elementor-headline-dynamic-text elementor-headline-text-active\">integrales<\/span>\n\t\t\t\t<\/span>\n\t\t\t\t<\/h3>\n\t\t\t\t\t\t<\/div>\n\t\t\t\t<\/div>\n\t\t\t\t\t<\/div>\n\t\t<\/div>\n\t\t\t\t\t<\/div>\n\t\t<\/section>\n\t\t\t\t\t<\/div>\n\t\t<\/div>\n\t\t\t\t\t<\/div>\n\t\t<\/section>\n\t\t\t\t<section class=\"elementor-section elementor-top-section elementor-element elementor-element-4711c4c elementor-section-boxed elementor-section-height-default elementor-section-height-default\" data-id=\"4711c4c\" data-element_type=\"section\" data-e-type=\"section\">\n\t\t\t\t\t\t<div class=\"elementor-container elementor-column-gap-default\">\n\t\t\t\t\t<div class=\"elementor-column elementor-col-100 elementor-top-column elementor-element elementor-element-95fd17a\" data-id=\"95fd17a\" data-element_type=\"column\" data-e-type=\"column\">\n\t\t\t<div class=\"elementor-widget-wrap elementor-element-populated\">\n\t\t\t\t\t\t<div class=\"elementor-element elementor-element-2b411bb elementor-widget elementor-widget-heading\" data-id=\"2b411bb\" data-element_type=\"widget\" data-e-type=\"widget\" data-widget_type=\"heading.default\">\n\t\t\t\t<div class=\"elementor-widget-container\">\n\t\t\t\t\t<h1 class=\"elementor-heading-title elementor-size-default\">Nuestra empresa<\/h1>\t\t\t\t<\/div>\n\t\t\t\t<\/div>\n\t\t\t\t<div class=\"elementor-element elementor-element-4435076 elementor-tabs-alignment-center elementor-tabs-view-horizontal elementor-widget elementor-widget-tabs\" data-id=\"4435076\" data-element_type=\"widget\" data-e-type=\"widget\" data-widget_type=\"tabs.default\">\n\t\t\t\t<div class=\"elementor-widget-container\">\n\t\t\t\t\t\t\t<div class=\"elementor-tabs\">\n\t\t\t<div class=\"elementor-tabs-wrapper\" role=\"tablist\" >\n\t\t\t\t\t\t\t\t\t<div id=\"elementor-tab-title-7151\" class=\"elementor-tab-title elementor-tab-desktop-title\" aria-selected=\"true\" data-tab=\"1\" role=\"tab\" tabindex=\"0\" aria-controls=\"elementor-tab-content-7151\" aria-expanded=\"false\">Misi\u00f3n<\/div>\n\t\t\t\t\t\t\t\t\t<div id=\"elementor-tab-title-7152\" class=\"elementor-tab-title elementor-tab-desktop-title\" aria-selected=\"false\" data-tab=\"2\" role=\"tab\" tabindex=\"-1\" aria-controls=\"elementor-tab-content-7152\" aria-expanded=\"false\">Visi\u00f3n<\/div>\n\t\t\t\t\t\t\t<\/div>\n\t\t\t<div class=\"elementor-tabs-content-wrapper\" role=\"tablist\" aria-orientation=\"vertical\">\n\t\t\t\t\t\t\t\t\t<div class=\"elementor-tab-title elementor-tab-mobile-title\" aria-selected=\"true\" data-tab=\"1\" role=\"tab\" tabindex=\"0\" aria-controls=\"elementor-tab-content-7151\" aria-expanded=\"false\">Misi\u00f3n<\/div>\n\t\t\t\t\t<div id=\"elementor-tab-content-7151\" class=\"elementor-tab-content elementor-clearfix\" data-tab=\"1\" role=\"tabpanel\" aria-labelledby=\"elementor-tab-title-7151\" tabindex=\"0\" hidden=\"false\"><p>Impactar positivamente en los procesos productivos de las empresas con productos y servicios efectivos alineados con los est\u00e1ndares de calidad y conservaci\u00f3n del medio ambiente.<\/p><\/div>\n\t\t\t\t\t\t\t\t\t<div class=\"elementor-tab-title elementor-tab-mobile-title\" aria-selected=\"false\" data-tab=\"2\" role=\"tab\" tabindex=\"-1\" aria-controls=\"elementor-tab-content-7152\" aria-expanded=\"false\">Visi\u00f3n<\/div>\n\t\t\t\t\t<div id=\"elementor-tab-content-7152\" class=\"elementor-tab-content elementor-clearfix\" data-tab=\"2\" role=\"tabpanel\" aria-labelledby=\"elementor-tab-title-7152\" tabindex=\"0\" hidden=\"hidden\"><p>En el 2025, Usaquim afianzar\u00e1 su reconocimiento en el mercado nacional con procesos validados que le permitir\u00e1n, adem\u00e1s, proyectarse internacionalmente a trav\u00e9s de la exportaci\u00f3n de parte de sus productos.\u00a0<\/p><\/div>\n\t\t\t\t\t\t\t<\/div>\n\t\t<\/div>\n\t\t\t\t\t\t<\/div>\n\t\t\t\t<\/div>\n\t\t\t\t\t<\/div>\n\t\t<\/div>\n\t\t\t\t\t<\/div>\n\t\t<\/section>\n\t\t\t\t<\/div>\n\t\t","protected":false},"excerpt":{"rendered":"<p>Qu\u00edenes \u00bfC\u00f3mo \u00bfD\u00f3nde lo hacemos USAQUIM PRODUCTOS QUIMICOS INDUSTRIALES, es una compa\u00f1\u00eda con m\u00e1s de 30 a\u00f1os de experiencia en el suministro de productos y servicios<span class=\"excerpt-hellip\"> [\u2026]<\/span><\/p>\n","protected":false},"author":1,"featured_media":0,"parent":0,"menu_order":0,"comment_status":"closed","ping_status":"closed","template":"elementor_header_footer","meta":{"_acf_changed":false,"_locale":"es_ES","_original_post":"http:\/\/ln7.58e.mytemp.website\/?page_id=30","footnotes":""},"class_list":["post-30","page","type-page","status-publish","hentry","es-ES"],"acf":[],"_links":{"self":[{"href":"https:\/\/usaquim.com\/wp-json\/wp\/v2\/pages\/30","targetHints":{"allow":["GET"]}}],"collection":[{"href":"https:\/\/usaquim.com\/wp-json\/wp\/v2\/pages"}],"about":[{"href":"https:\/\/usaquim.com\/wp-json\/wp\/v2\/types\/page"}],"author":[{"embeddable":true,"href":"https:\/\/usaquim.com\/wp-json\/wp\/v2\/users\/1"}],"replies":[{"embeddable":true,"href":"https:\/\/usaquim.com\/wp-json\/wp\/v2\/comments?post=30"}],"version-history":[{"count":55,"href":"https:\/\/usaquim.com\/wp-json\/wp\/v2\/pages\/30\/revisions"}],"predecessor-version":[{"id":1791,"href":"https:\/\/usaquim.com\/wp-json\/wp\/v2\/pages\/30\/revisions\/1791"}],"wp:attachment":[{"href":"https:\/\/usaquim.com\/wp-json\/wp\/v2\/media?parent=30"}],"curies":[{"name":"wp","href":"https:\/\/api.w.org\/{rel}","templated":true}]}}