{"id":1432,"date":"2022-02-28T22:46:19","date_gmt":"2022-02-28T22:46:19","guid":{"rendered":"https:\/\/usaquim.com\/?post_type=product&#038;p=1432"},"modified":"2022-02-28T22:46:23","modified_gmt":"2022-02-28T22:46:23","slug":"scouring","status":"publish","type":"product","link":"https:\/\/usaquim.com\/es\/product\/scouring\/","title":{"rendered":"SCOURING"},"content":{"rendered":"<p>Dise\u00f1ado para lavar cajas pl\u00e1sticas por recirculaci\u00f3n o aspersi\u00f3n a alta presi\u00f3n.<\/p>\n","protected":false},"excerpt":{"rendered":"<p>Dise\u00f1ado para lavar cajas pl\u00e1sticas por recirculaci\u00f3n o aspersi\u00f3n a alta presi\u00f3n.<\/p>\n","protected":false},"featured_media":594,"comment_status":"closed","ping_status":"closed","template":"","meta":{"_acf_changed":false,"_locale":"es_ES","_original_post":"http:\/\/ln7.58e.mytemp.website\/?post_type=product&amp;p=616"},"product_brand":[],"product_cat":[99],"product_tag":[],"class_list":{"0":"post-1432","1":"product","2":"type-product","3":"status-publish","4":"has-post-thumbnail","6":"product_cat-detergent-division","7":"es-ES","9":"first","10":"instock","11":"shipping-taxable","12":"product-type-simple"},"acf":[],"_links":{"self":[{"href":"https:\/\/usaquim.com\/wp-json\/wp\/v2\/product\/1432","targetHints":{"allow":["GET"]}}],"collection":[{"href":"https:\/\/usaquim.com\/wp-json\/wp\/v2\/product"}],"about":[{"href":"https:\/\/usaquim.com\/wp-json\/wp\/v2\/types\/product"}],"replies":[{"embeddable":true,"href":"https:\/\/usaquim.com\/wp-json\/wp\/v2\/comments?post=1432"}],"wp:featuredmedia":[{"embeddable":true,"href":"https:\/\/usaquim.com\/wp-json\/wp\/v2\/media\/594"}],"wp:attachment":[{"href":"https:\/\/usaquim.com\/wp-json\/wp\/v2\/media?parent=1432"}],"wp:term":[{"taxonomy":"product_brand","embeddable":true,"href":"https:\/\/usaquim.com\/wp-json\/wp\/v2\/product_brand?post=1432"},{"taxonomy":"product_cat","embeddable":true,"href":"https:\/\/usaquim.com\/wp-json\/wp\/v2\/product_cat?post=1432"},{"taxonomy":"product_tag","embeddable":true,"href":"https:\/\/usaquim.com\/wp-json\/wp\/v2\/product_tag?post=1432"}],"curies":[{"name":"wp","href":"https:\/\/api.w.org\/{rel}","templated":true}]}}