{"id":1493,"date":"2022-02-28T22:46:39","date_gmt":"2022-02-28T22:46:39","guid":{"rendered":"https:\/\/usaquim.com\/?post_type=product&#038;p=1493"},"modified":"2022-02-28T22:46:43","modified_gmt":"2022-02-28T22:46:43","slug":"germa-clean-2","status":"publish","type":"product","link":"https:\/\/usaquim.com\/es\/product\/germa-clean-2\/","title":{"rendered":"GERMA CLEAN"},"content":{"rendered":"<p>Limpiador l\u00edquido para HIGIENIZACI\u00d3N en la industria ALIMENTICIA, COSM\u00c9TICA,<\/p>\n<p>FARMAC\u00c9UTICA y de SALUD<\/p>\n","protected":false},"excerpt":{"rendered":"<p>Limpiador l\u00edquido para HIGIENIZACI\u00d3N en la industria ALIMENTICIA, COSM\u00c9TICA, FARMAC\u00c9UTICA y de SALUD<\/p>\n","protected":false},"featured_media":689,"comment_status":"closed","ping_status":"closed","template":"","meta":{"_acf_changed":false,"_locale":"es_ES","_original_post":"http:\/\/ln7.58e.mytemp.website\/?post_type=product&amp;p=682"},"product_brand":[],"product_cat":[105],"product_tag":[],"class_list":{"0":"post-1493","1":"product","2":"type-product","3":"status-publish","4":"has-post-thumbnail","6":"product_cat-health-cosmetics-and-sports","7":"es-ES","9":"first","10":"instock","11":"shipping-taxable","12":"product-type-simple"},"acf":[],"_links":{"self":[{"href":"https:\/\/usaquim.com\/wp-json\/wp\/v2\/product\/1493","targetHints":{"allow":["GET"]}}],"collection":[{"href":"https:\/\/usaquim.com\/wp-json\/wp\/v2\/product"}],"about":[{"href":"https:\/\/usaquim.com\/wp-json\/wp\/v2\/types\/product"}],"replies":[{"embeddable":true,"href":"https:\/\/usaquim.com\/wp-json\/wp\/v2\/comments?post=1493"}],"wp:featuredmedia":[{"embeddable":true,"href":"https:\/\/usaquim.com\/wp-json\/wp\/v2\/media\/689"}],"wp:attachment":[{"href":"https:\/\/usaquim.com\/wp-json\/wp\/v2\/media?parent=1493"}],"wp:term":[{"taxonomy":"product_brand","embeddable":true,"href":"https:\/\/usaquim.com\/wp-json\/wp\/v2\/product_brand?post=1493"},{"taxonomy":"product_cat","embeddable":true,"href":"https:\/\/usaquim.com\/wp-json\/wp\/v2\/product_cat?post=1493"},{"taxonomy":"product_tag","embeddable":true,"href":"https:\/\/usaquim.com\/wp-json\/wp\/v2\/product_tag?post=1493"}],"curies":[{"name":"wp","href":"https:\/\/api.w.org\/{rel}","templated":true}]}}